{"id":131,"date":"2020-09-15T06:48:51","date_gmt":"2020-09-15T06:48:51","guid":{"rendered":"https:\/\/ralnq.itr.edu.co\/index.php\/services\/"},"modified":"2022-06-02T14:30:40","modified_gmt":"2022-06-02T19:30:40","slug":"services","status":"publish","type":"page","link":"https:\/\/ralnq.itr.edu.co\/index.php\/services\/","title":{"rendered":"Servicios"},"content":{"rendered":"\n<div class=\"wp-block-cover alignfull is-light\" style=\"min-height:550px;aspect-ratio:unset;\"><span aria-hidden=\"true\" class=\"wp-block-cover__background has-background-dim\" style=\"background-color:#000000\"><\/span><img loading=\"lazy\" decoding=\"async\" width=\"1920\" height=\"1280\" class=\"wp-block-cover__image-background wp-image-348\" alt=\"Servicios\" src=\"https:\/\/ralnq.itr.edu.co\/wp-content\/uploads\/2022\/06\/marvin-meyer-SYTO3xs06fU-unsplash.jpg\" style=\"object-position:51% 61%\" data-object-fit=\"cover\" data-object-position=\"51% 61%\" srcset=\"https:\/\/ralnq.itr.edu.co\/wp-content\/uploads\/2022\/06\/marvin-meyer-SYTO3xs06fU-unsplash.jpg 1920w, https:\/\/ralnq.itr.edu.co\/wp-content\/uploads\/2022\/06\/marvin-meyer-SYTO3xs06fU-unsplash-300x200.jpg 300w, https:\/\/ralnq.itr.edu.co\/wp-content\/uploads\/2022\/06\/marvin-meyer-SYTO3xs06fU-unsplash-1024x683.jpg 1024w, https:\/\/ralnq.itr.edu.co\/wp-content\/uploads\/2022\/06\/marvin-meyer-SYTO3xs06fU-unsplash-768x512.jpg 768w, https:\/\/ralnq.itr.edu.co\/wp-content\/uploads\/2022\/06\/marvin-meyer-SYTO3xs06fU-unsplash-1536x1024.jpg 1536w\" sizes=\"auto, (max-width: 1920px) 100vw, 1920px\" \/><div class=\"wp-block-cover__inner-container is-layout-flow wp-block-cover-is-layout-flow\">\n<h1 class=\"has-text-align-center has-text-color wp-block-heading\" style=\"color:#ffffff\">Nuestros Servicios<\/h1>\n<\/div><\/div>\n\n\n\n<div class=\"wp-block-group alignfull has-ast-global-color-4-background-color has-background is-layout-flow wp-block-group-is-layout-flow\"><div class=\"wp-block-group__inner-container\">\n<h2 class=\"has-text-align-center has-text-color wp-block-heading\" style=\"color:#343434\">Nodos<\/h2>\n\n\n\n<p class=\"has-text-align-center\">En la actualidad contamos con el nodo del <strong>ITR<\/strong><\/p>\n<\/div><\/div>\n\n\n\n<div class=\"wp-block-group alignfull has-ast-global-color-4-background-color has-background is-layout-flow wp-block-group-is-layout-flow\"><div class=\"wp-block-group__inner-container\">\n<h2 class=\"has-text-align-center has-text-color wp-block-heading\" style=\"color:#343434\">Servicios<\/h2>\n\n\n\n<div class=\"wp-block-columns is-layout-flex wp-container-core-columns-is-layout-28f84493 wp-block-columns-is-layout-flex\">\n<div class=\"wp-block-column is-layout-flow wp-block-column-is-layout-flow\">\n<div class=\"wp-block-group has-ast-global-color-5-background-color has-background is-layout-flow wp-block-group-is-layout-flow\"><div class=\"wp-block-group__inner-container\">\n<figure class=\"wp-block-image aligncenter size-full\"><img loading=\"lazy\" decoding=\"async\" width=\"441\" height=\"441\" src=\"https:\/\/ralnq.itr.edu.co\/wp-content\/uploads\/2022\/05\/Moodle_Circle_M_RGB.png\" alt=\"Moddle\" class=\"wp-image-226\" srcset=\"https:\/\/ralnq.itr.edu.co\/wp-content\/uploads\/2022\/05\/Moodle_Circle_M_RGB.png 441w, https:\/\/ralnq.itr.edu.co\/wp-content\/uploads\/2022\/05\/Moodle_Circle_M_RGB-300x300.png 300w, https:\/\/ralnq.itr.edu.co\/wp-content\/uploads\/2022\/05\/Moodle_Circle_M_RGB-150x150.png 150w\" sizes=\"auto, (max-width: 441px) 100vw, 441px\" \/><\/figure>\n\n\n\n<h4 class=\"has-text-align-left wp-block-heading\">Moodle<\/h4>\n\n\n\n<p>Moodle es un sistema de ense\u00f1anza dise\u00f1ado para crear y gestionar espacios de aprendizaje online adaptados a las necesidades de profesores, estudiantes y administradores.<\/p>\n\n\n\n<div class=\"wp-block-buttons is-content-justification-center is-layout-flex wp-container-core-buttons-is-layout-a89b3969 wp-block-buttons-is-layout-flex\">\n<div class=\"wp-block-button aligncenter is-style-fill\"><a class=\"wp-block-button__link\">Conoce m\u00e1s<\/a><\/div>\n<\/div>\n<\/div><\/div>\n<\/div>\n\n\n\n<div class=\"wp-block-column is-layout-flow wp-block-column-is-layout-flow\">\n<div class=\"wp-block-group has-ast-global-color-5-background-color has-background is-layout-flow wp-block-group-is-layout-flow\"><div class=\"wp-block-group__inner-container\">\n<figure class=\"wp-block-image aligncenter size-large\"><img loading=\"lazy\" decoding=\"async\" width=\"1024\" height=\"1024\" src=\"https:\/\/ralnq.itr.edu.co\/wp-content\/uploads\/2022\/05\/BigBlueButton_icon-1024x1024.png\" alt=\"BigBlueButton\" class=\"wp-image-220\" srcset=\"https:\/\/ralnq.itr.edu.co\/wp-content\/uploads\/2022\/05\/BigBlueButton_icon-1024x1024.png 1024w, https:\/\/ralnq.itr.edu.co\/wp-content\/uploads\/2022\/05\/BigBlueButton_icon-300x300.png 300w, https:\/\/ralnq.itr.edu.co\/wp-content\/uploads\/2022\/05\/BigBlueButton_icon-150x150.png 150w, https:\/\/ralnq.itr.edu.co\/wp-content\/uploads\/2022\/05\/BigBlueButton_icon-768x768.png 768w, https:\/\/ralnq.itr.edu.co\/wp-content\/uploads\/2022\/05\/BigBlueButton_icon-1536x1536.png 1536w, https:\/\/ralnq.itr.edu.co\/wp-content\/uploads\/2022\/05\/BigBlueButton_icon.png 2048w\" sizes=\"auto, (max-width: 1024px) 100vw, 1024px\" \/><\/figure>\n\n\n\n<h4 class=\"has-text-align-left wp-block-heading\"><strong>BigBlueButton<\/strong><\/h4>\n\n\n\n<p><strong>BigBlueButton<\/strong> es un <strong>sistema de conferencias web de c\u00f3digo abierto para el aprendizaje<\/strong> en l\u00ednea. BigBlueButton permite compartir documentos, c\u00e1maras web, chat, audio.<\/p>\n\n\n\n<div class=\"wp-block-buttons is-content-justification-center is-layout-flex wp-container-core-buttons-is-layout-a89b3969 wp-block-buttons-is-layout-flex\">\n<div class=\"wp-block-button aligncenter is-style-fill\"><a class=\"wp-block-button__link\">Conoce m\u00e1s<\/a><\/div>\n<\/div>\n<\/div><\/div>\n<\/div>\n\n\n\n<div class=\"wp-block-column is-layout-flow wp-block-column-is-layout-flow\">\n<div class=\"wp-block-group has-ast-global-color-5-background-color has-background is-layout-flow wp-block-group-is-layout-flow\"><div class=\"wp-block-group__inner-container\">\n<figure class=\"wp-block-image aligncenter size-full\"><img loading=\"lazy\" decoding=\"async\" width=\"512\" height=\"512\" src=\"https:\/\/ralnq.itr.edu.co\/wp-content\/uploads\/2022\/05\/world-wide-web.png\" alt=\"Hosting\" class=\"wp-image-230\" srcset=\"https:\/\/ralnq.itr.edu.co\/wp-content\/uploads\/2022\/05\/world-wide-web.png 512w, https:\/\/ralnq.itr.edu.co\/wp-content\/uploads\/2022\/05\/world-wide-web-300x300.png 300w, https:\/\/ralnq.itr.edu.co\/wp-content\/uploads\/2022\/05\/world-wide-web-150x150.png 150w\" sizes=\"auto, (max-width: 512px) 100vw, 512px\" \/><\/figure>\n\n\n\n<h4 class=\"has-text-align-left wp-block-heading\"><strong>Hosting<\/strong><\/h4>\n\n\n\n<p>&nbsp;Un <strong>hosting es un servicio de alojamiento en l\u00ednea<\/strong> que te permite publicar un sitio o aplicaci\u00f3n web en Internet.<\/p>\n\n\n\n<div class=\"wp-block-buttons is-content-justification-center is-layout-flex wp-container-core-buttons-is-layout-a89b3969 wp-block-buttons-is-layout-flex\">\n<div class=\"wp-block-button aligncenter is-style-fill\"><a class=\"wp-block-button__link\">Conoce m\u00e1s<\/a><\/div>\n<\/div>\n<\/div><\/div>\n<\/div>\n<\/div>\n\n\n\n<div class=\"wp-block-columns is-layout-flex wp-container-core-columns-is-layout-28f84493 wp-block-columns-is-layout-flex\">\n<div class=\"wp-block-column is-layout-flow wp-block-column-is-layout-flow\">\n<div class=\"wp-block-group has-ast-global-color-5-background-color has-background is-layout-flow wp-block-group-is-layout-flow\"><div class=\"wp-block-group__inner-container\">\n<figure class=\"wp-block-image aligncenter size-full\"><img loading=\"lazy\" decoding=\"async\" width=\"512\" height=\"512\" src=\"https:\/\/ralnq.itr.edu.co\/wp-content\/uploads\/2022\/05\/chat.png\" alt=\"Mensajeria instantanea\" class=\"wp-image-221\" srcset=\"https:\/\/ralnq.itr.edu.co\/wp-content\/uploads\/2022\/05\/chat.png 512w, https:\/\/ralnq.itr.edu.co\/wp-content\/uploads\/2022\/05\/chat-300x300.png 300w, https:\/\/ralnq.itr.edu.co\/wp-content\/uploads\/2022\/05\/chat-150x150.png 150w\" sizes=\"auto, (max-width: 512px) 100vw, 512px\" \/><\/figure>\n\n\n\n<h4 class=\"has-text-align-left wp-block-heading\"><strong>Mensajer\u00eda Instant\u00e1nea<\/strong><\/h4>\n\n\n\n<p>La <strong>mensajer\u00eda instant\u00e1nea<\/strong> es un servicio online de comunicaci\u00f3n que <strong>permite a 2 dos o m\u00e1s personas enviar y recibir mensajes de texto en tiempo real<\/strong>.<\/p>\n\n\n\n<div class=\"wp-block-buttons is-content-justification-center is-layout-flex wp-container-core-buttons-is-layout-a89b3969 wp-block-buttons-is-layout-flex\">\n<div class=\"wp-block-button aligncenter is-style-fill\"><a class=\"wp-block-button__link\">Conoce m\u00e1s<\/a><\/div>\n<\/div>\n<\/div><\/div>\n<\/div>\n\n\n\n<div class=\"wp-block-column is-layout-flow wp-block-column-is-layout-flow\">\n<div class=\"wp-block-group has-ast-global-color-5-background-color has-background is-layout-flow wp-block-group-is-layout-flow\"><div class=\"wp-block-group__inner-container\">\n<figure class=\"wp-block-image aligncenter size-full\"><img loading=\"lazy\" decoding=\"async\" width=\"512\" height=\"512\" src=\"https:\/\/ralnq.itr.edu.co\/wp-content\/uploads\/2022\/05\/database.png\" alt=\"Bases de datos\" class=\"wp-image-223\" srcset=\"https:\/\/ralnq.itr.edu.co\/wp-content\/uploads\/2022\/05\/database.png 512w, https:\/\/ralnq.itr.edu.co\/wp-content\/uploads\/2022\/05\/database-300x300.png 300w, https:\/\/ralnq.itr.edu.co\/wp-content\/uploads\/2022\/05\/database-150x150.png 150w\" sizes=\"auto, (max-width: 512px) 100vw, 512px\" \/><\/figure>\n\n\n\n<h4 class=\"has-text-align-left wp-block-heading\"><strong>Bases de datos<\/strong><\/h4>\n\n\n\n<p>Se llama base de datos, o tambi\u00e9n banco de datos, <strong>a un conjunto de informaci\u00f3n perteneciente a un mismo contexto<\/strong>, ordenada de modo sistem\u00e1tico para su posterior recuperaci\u00f3n, an\u00e1lisis y\/o transmisi\u00f3n.<\/p>\n\n\n\n<div class=\"wp-block-buttons is-content-justification-center is-layout-flex wp-container-core-buttons-is-layout-a89b3969 wp-block-buttons-is-layout-flex\">\n<div class=\"wp-block-button aligncenter is-style-fill\"><a class=\"wp-block-button__link\">Conoce m\u00e1s<\/a><\/div>\n<\/div>\n<\/div><\/div>\n<\/div>\n\n\n\n<div class=\"wp-block-column is-layout-flow wp-block-column-is-layout-flow\">\n<div class=\"wp-block-group has-ast-global-color-5-background-color has-background is-layout-flow wp-block-group-is-layout-flow\"><div class=\"wp-block-group__inner-container\">\n<figure class=\"wp-block-image aligncenter size-full\"><img loading=\"lazy\" decoding=\"async\" width=\"512\" height=\"512\" src=\"https:\/\/ralnq.itr.edu.co\/wp-content\/uploads\/2022\/05\/internet-of-things.png\" alt=\"Servidor IOT\" class=\"wp-image-225\" srcset=\"https:\/\/ralnq.itr.edu.co\/wp-content\/uploads\/2022\/05\/internet-of-things.png 512w, https:\/\/ralnq.itr.edu.co\/wp-content\/uploads\/2022\/05\/internet-of-things-300x300.png 300w, https:\/\/ralnq.itr.edu.co\/wp-content\/uploads\/2022\/05\/internet-of-things-150x150.png 150w\" sizes=\"auto, (max-width: 512px) 100vw, 512px\" \/><\/figure>\n\n\n\n<h4 class=\"has-text-align-left wp-block-heading\"><strong>Servidor de IoT<\/strong><\/h4>\n\n\n\n<p><strong>IoT<\/strong> son las siglas de la expresi\u00f3n inglesa <strong>Internet of Things<\/strong>, que en espa\u00f1ol traducimos como (<strong>internet de las cosas<\/strong>) y llamamos <strong>IdC.<\/strong><\/p>\n\n\n\n<div class=\"wp-block-buttons is-content-justification-center is-layout-flex wp-container-core-buttons-is-layout-a89b3969 wp-block-buttons-is-layout-flex\">\n<div class=\"wp-block-button aligncenter is-style-fill\"><a class=\"wp-block-button__link\">Conoce m\u00e1s<\/a><\/div>\n<\/div>\n<\/div><\/div>\n<\/div>\n<\/div>\n\n\n\n<div class=\"wp-block-columns is-layout-flex wp-container-core-columns-is-layout-28f84493 wp-block-columns-is-layout-flex\">\n<div class=\"wp-block-column is-layout-flow wp-block-column-is-layout-flow\">\n<div class=\"wp-block-group has-ast-global-color-5-background-color has-background is-layout-flow wp-block-group-is-layout-flow\"><div class=\"wp-block-group__inner-container\">\n<figure class=\"wp-block-image aligncenter size-full\"><img loading=\"lazy\" decoding=\"async\" width=\"512\" height=\"512\" src=\"https:\/\/ralnq.itr.edu.co\/wp-content\/uploads\/2022\/05\/servidor-en-la-nube.png\" alt=\"Servidor de video\" class=\"wp-image-228\" srcset=\"https:\/\/ralnq.itr.edu.co\/wp-content\/uploads\/2022\/05\/servidor-en-la-nube.png 512w, https:\/\/ralnq.itr.edu.co\/wp-content\/uploads\/2022\/05\/servidor-en-la-nube-300x300.png 300w, https:\/\/ralnq.itr.edu.co\/wp-content\/uploads\/2022\/05\/servidor-en-la-nube-150x150.png 150w\" sizes=\"auto, (max-width: 512px) 100vw, 512px\" \/><\/figure>\n\n\n\n<h4 class=\"has-text-align-left wp-block-heading\"><strong>Servidor de video<\/strong><\/h4>\n\n\n\n<p><strong>Un servicio de alojamiento de videos<\/strong> permite que una persona cargue un video en sus servidores, y se mantiene indefinidamente o por un per\u00edodo de tiempo determinado.<\/p>\n\n\n\n<div class=\"wp-block-buttons is-content-justification-center is-layout-flex wp-container-core-buttons-is-layout-a89b3969 wp-block-buttons-is-layout-flex\">\n<div class=\"wp-block-button aligncenter is-style-fill\"><a class=\"wp-block-button__link\">Conoce m\u00e1s<\/a><\/div>\n<\/div>\n<\/div><\/div>\n<\/div>\n\n\n\n<div class=\"wp-block-column is-layout-flow wp-block-column-is-layout-flow\">\n<div class=\"wp-block-group has-ast-global-color-5-background-color has-background is-layout-flow wp-block-group-is-layout-flow\"><div class=\"wp-block-group__inner-container\">\n<figure class=\"wp-block-image aligncenter size-full\"><img loading=\"lazy\" decoding=\"async\" width=\"512\" height=\"512\" src=\"https:\/\/ralnq.itr.edu.co\/wp-content\/uploads\/2022\/05\/cloud.png\" alt=\"Nube\" class=\"wp-image-222\" srcset=\"https:\/\/ralnq.itr.edu.co\/wp-content\/uploads\/2022\/05\/cloud.png 512w, https:\/\/ralnq.itr.edu.co\/wp-content\/uploads\/2022\/05\/cloud-300x300.png 300w, https:\/\/ralnq.itr.edu.co\/wp-content\/uploads\/2022\/05\/cloud-150x150.png 150w\" sizes=\"auto, (max-width: 512px) 100vw, 512px\" \/><\/figure>\n\n\n\n<h4 class=\"has-text-align-left wp-block-heading\"><strong>Cloud<\/strong><\/h4>\n\n\n\n<p>Los servicios de nube son infraestructuras, plataformas o sistemas de software que alojan los proveedores externos y que se ponen a disposici\u00f3n de los usuarios a trav\u00e9s de Internet.<\/p>\n\n\n\n<div class=\"wp-block-buttons is-content-justification-center is-layout-flex wp-container-core-buttons-is-layout-a89b3969 wp-block-buttons-is-layout-flex\">\n<div class=\"wp-block-button aligncenter is-style-fill\"><a class=\"wp-block-button__link\">Conoce m\u00e1s<\/a><\/div>\n<\/div>\n<\/div><\/div>\n<\/div>\n\n\n\n<div class=\"wp-block-column is-layout-flow wp-block-column-is-layout-flow\">\n<div class=\"wp-block-group has-ast-global-color-5-background-color has-background is-layout-flow wp-block-group-is-layout-flow\"><div class=\"wp-block-group__inner-container\">\n<figure class=\"wp-block-image aligncenter size-full\"><img loading=\"lazy\" decoding=\"async\" width=\"512\" height=\"512\" src=\"https:\/\/ralnq.itr.edu.co\/wp-content\/uploads\/2022\/05\/wikipedia-1.png\" alt=\"Wiki\" class=\"wp-image-229\" srcset=\"https:\/\/ralnq.itr.edu.co\/wp-content\/uploads\/2022\/05\/wikipedia-1.png 512w, https:\/\/ralnq.itr.edu.co\/wp-content\/uploads\/2022\/05\/wikipedia-1-300x300.png 300w, https:\/\/ralnq.itr.edu.co\/wp-content\/uploads\/2022\/05\/wikipedia-1-150x150.png 150w\" sizes=\"auto, (max-width: 512px) 100vw, 512px\" \/><\/figure>\n\n\n\n<h4 class=\"has-text-align-left wp-block-heading\"><strong>Wiki<\/strong><\/h4>\n\n\n\n<p>Wiki es un concepto que se utiliza en el \u00e1mbito de Internet para referirse a las p\u00e1ginas web cuyos contenidos pueden ser editados por m\u00faltiples usuarios a trav\u00e9s de cualquier navegador.<\/p>\n\n\n\n<div class=\"wp-block-buttons is-content-justification-center is-layout-flex wp-container-core-buttons-is-layout-a89b3969 wp-block-buttons-is-layout-flex\">\n<div class=\"wp-block-button aligncenter is-style-fill\"><a class=\"wp-block-button__link\">Conoce m\u00e1s<\/a><\/div>\n<\/div>\n<\/div><\/div>\n<\/div>\n<\/div>\n\n\n\n<div class=\"wp-block-columns is-layout-flex wp-container-core-columns-is-layout-28f84493 wp-block-columns-is-layout-flex\">\n<div class=\"wp-block-column is-layout-flow wp-block-column-is-layout-flow\">\n<div class=\"wp-block-group has-ast-global-color-5-background-color has-background is-layout-flow wp-block-group-is-layout-flow\"><div class=\"wp-block-group__inner-container\">\n<figure class=\"wp-block-image aligncenter size-full\"><img loading=\"lazy\" decoding=\"async\" width=\"512\" height=\"512\" src=\"https:\/\/ralnq.itr.edu.co\/wp-content\/uploads\/2022\/05\/servidor-en-la-nube.png\" alt=\"Servidor de video\" class=\"wp-image-228\" srcset=\"https:\/\/ralnq.itr.edu.co\/wp-content\/uploads\/2022\/05\/servidor-en-la-nube.png 512w, https:\/\/ralnq.itr.edu.co\/wp-content\/uploads\/2022\/05\/servidor-en-la-nube-300x300.png 300w, https:\/\/ralnq.itr.edu.co\/wp-content\/uploads\/2022\/05\/servidor-en-la-nube-150x150.png 150w\" sizes=\"auto, (max-width: 512px) 100vw, 512px\" \/><\/figure>\n\n\n\n<h4 class=\"has-text-align-left wp-block-heading\"><strong>Servidor de video<\/strong><\/h4>\n\n\n\n<p><strong>Un servicio de alojamiento de videos<\/strong> permite que una persona cargue un video en sus servidores, y se mantiene indefinidamente o por un per\u00edodo de tiempo determinado.<\/p>\n\n\n\n<div class=\"wp-block-buttons is-content-justification-center is-layout-flex wp-container-core-buttons-is-layout-a89b3969 wp-block-buttons-is-layout-flex\">\n<div class=\"wp-block-button aligncenter is-style-fill\"><a class=\"wp-block-button__link\">Conoce m\u00e1s<\/a><\/div>\n<\/div>\n<\/div><\/div>\n<\/div>\n\n\n\n<div class=\"wp-block-column is-layout-flow wp-block-column-is-layout-flow\"><\/div>\n\n\n\n<div class=\"wp-block-column is-layout-flow wp-block-column-is-layout-flow\"><\/div>\n<\/div>\n<\/div><\/div>\n","protected":false},"excerpt":{"rendered":"<p>Nodos En la actualidad contamos con el nodo del ITR Servicios Moodle Moodle es un sistema de ense\u00f1anza dise\u00f1ado para crear y gestionar espacios de aprendizaje online adaptados a las necesidades de profesores, estudiantes y administradores. BigBlueButton BigBlueButton es un sistema de conferencias web de c\u00f3digo abierto para el aprendizaje en l\u00ednea. BigBlueButton permite compartir &hellip;<\/p>\n<p class=\"read-more\"> <a class=\"\" href=\"https:\/\/ralnq.itr.edu.co\/index.php\/services\/\"> <span class=\"screen-reader-text\">Servicios<\/span> Leer m\u00e1s &raquo;<\/a><\/p>\n","protected":false},"author":2,"featured_media":0,"parent":0,"menu_order":0,"comment_status":"closed","ping_status":"closed","template":"","meta":{"site-sidebar-layout":"no-sidebar","site-content-layout":"plain-container","ast-global-header-display":"","ast-main-header-display":"","ast-hfb-above-header-display":"","ast-hfb-below-header-display":"","ast-hfb-mobile-header-display":"","site-post-title":"disabled","ast-breadcrumbs-content":"","ast-featured-img":"","footer-sml-layout":"","theme-transparent-header-meta":"enabled","adv-header-id-meta":"","stick-header-meta":"","header-above-stick-meta":"","header-main-stick-meta":"","header-below-stick-meta":"","footnotes":""},"class_list":["post-131","page","type-page","status-publish","hentry"],"_links":{"self":[{"href":"https:\/\/ralnq.itr.edu.co\/index.php\/wp-json\/wp\/v2\/pages\/131","targetHints":{"allow":["GET"]}}],"collection":[{"href":"https:\/\/ralnq.itr.edu.co\/index.php\/wp-json\/wp\/v2\/pages"}],"about":[{"href":"https:\/\/ralnq.itr.edu.co\/index.php\/wp-json\/wp\/v2\/types\/page"}],"author":[{"embeddable":true,"href":"https:\/\/ralnq.itr.edu.co\/index.php\/wp-json\/wp\/v2\/users\/2"}],"replies":[{"embeddable":true,"href":"https:\/\/ralnq.itr.edu.co\/index.php\/wp-json\/wp\/v2\/comments?post=131"}],"version-history":[{"count":10,"href":"https:\/\/ralnq.itr.edu.co\/index.php\/wp-json\/wp\/v2\/pages\/131\/revisions"}],"predecessor-version":[{"id":349,"href":"https:\/\/ralnq.itr.edu.co\/index.php\/wp-json\/wp\/v2\/pages\/131\/revisions\/349"}],"wp:attachment":[{"href":"https:\/\/ralnq.itr.edu.co\/index.php\/wp-json\/wp\/v2\/media?parent=131"}],"curies":[{"name":"wp","href":"https:\/\/api.w.org\/{rel}","templated":true}]}}