{"id":129,"date":"2020-09-15T06:48:29","date_gmt":"2020-09-15T06:48:29","guid":{"rendered":"https:\/\/ralnq.itr.edu.co\/index.php\/about\/"},"modified":"2022-08-19T11:36:14","modified_gmt":"2022-08-19T16:36:14","slug":"about","status":"publish","type":"page","link":"https:\/\/ralnq.itr.edu.co\/index.php\/about\/","title":{"rendered":"Acerca de"},"content":{"rendered":"\n<div class=\"wp-block-cover alignfull is-light\" style=\"min-height:550px;aspect-ratio:unset;\"><span aria-hidden=\"true\" class=\"wp-block-cover__background has-background-dim\" style=\"background-color:#000000\"><\/span><img loading=\"lazy\" decoding=\"async\" width=\"2560\" height=\"1629\" class=\"wp-block-cover__image-background wp-image-342\" alt=\"Software\" src=\"https:\/\/ralnq.itr.edu.co\/wp-content\/uploads\/2022\/06\/software-scaled.jpg\" style=\"object-position:71% 53%\" data-object-fit=\"cover\" data-object-position=\"71% 53%\" srcset=\"https:\/\/ralnq.itr.edu.co\/wp-content\/uploads\/2022\/06\/software-scaled.jpg 2560w, https:\/\/ralnq.itr.edu.co\/wp-content\/uploads\/2022\/06\/software-300x191.jpg 300w, https:\/\/ralnq.itr.edu.co\/wp-content\/uploads\/2022\/06\/software-1024x652.jpg 1024w, https:\/\/ralnq.itr.edu.co\/wp-content\/uploads\/2022\/06\/software-768x489.jpg 768w, https:\/\/ralnq.itr.edu.co\/wp-content\/uploads\/2022\/06\/software-1536x977.jpg 1536w, https:\/\/ralnq.itr.edu.co\/wp-content\/uploads\/2022\/06\/software-2048x1303.jpg 2048w\" sizes=\"auto, (max-width: 2560px) 100vw, 2560px\" \/><div class=\"wp-block-cover__inner-container is-layout-flow wp-block-cover-is-layout-flow\">\n<h1 class=\"has-text-align-center has-text-color wp-block-heading\" style=\"color:#ffffff\">Instituto T\u00e9cnico Rentic<\/h1>\n\n\n\n<h2 class=\"has-text-align-center has-text-color wp-block-heading\" style=\"color:#ffffff\">Proyecto &#8211; RALNQ<\/h2>\n<\/div><\/div>\n\n\n\n<div class=\"wp-block-group alignfull has-white-background-color has-background is-layout-flow wp-block-group-is-layout-flow\"><div class=\"wp-block-group__inner-container\">\n<div class=\"wp-block-media-text has-media-on-the-right is-stacked-on-mobile is-vertically-aligned-center alignwide\" style=\"grid-template-columns:auto 44%\"><figure class=\"wp-block-media-text__media\"><img loading=\"lazy\" decoding=\"async\" width=\"1024\" height=\"672\" src=\"https:\/\/ralnq.itr.edu.co\/wp-content\/uploads\/2022\/06\/rentic-acerca-de-e1655137710688-1024x672.jpg\" alt=\"Imagen acerca de\" class=\"wp-image-380 size-full\" srcset=\"https:\/\/ralnq.itr.edu.co\/wp-content\/uploads\/2022\/06\/rentic-acerca-de-e1655137710688-1024x672.jpg 1024w, https:\/\/ralnq.itr.edu.co\/wp-content\/uploads\/2022\/06\/rentic-acerca-de-e1655137710688-300x197.jpg 300w, https:\/\/ralnq.itr.edu.co\/wp-content\/uploads\/2022\/06\/rentic-acerca-de-e1655137710688-768x504.jpg 768w, https:\/\/ralnq.itr.edu.co\/wp-content\/uploads\/2022\/06\/rentic-acerca-de-e1655137710688.jpg 1097w\" sizes=\"auto, (max-width: 1024px) 100vw, 1024px\" \/><\/figure><div class=\"wp-block-media-text__content\">\n<h2 class=\"has-text-color wp-block-heading\" style=\"color:#343434\"><strong>Acerca de nosotros.<\/strong><\/h2>\n\n\n\n<p><strong>RALNQ. <\/strong>Es un proyecto tecnol\u00f3gico, social, abierto e inclusivo impulsado desde el <strong>Instituto T\u00e9cnico Rentic<\/strong>. Que tiene por objetivo la creaci\u00f3n de una red de telecomunicaciones <strong>abierta<\/strong>, <strong>libre y neutral<\/strong>, que integre a toda la comunidad educativa de la ciudad de Quibd\u00f3 en una gran red en el que todo el mundo puede tomar parte; El desarrollo de esta infraestructura facilita el acceso a contenidos y servicios que promuevan el acceso a conocimientos que promueva la creaci\u00f3n de nuevos conocimientos. Este es un proyecto basado en las redes de telecomunicaciones de manera local que busca la interacci\u00f3n entre instituciones y empresas de forma libre y segura. Lo que se busca con este proyecto de (<strong>RALNQ<\/strong> \u2013 <strong>Red Abierta Libre Neutral),<\/strong> es impartir conocimiento educativo y que adem\u00e1s de esto, nuestros j\u00f3venes beneficiarios puedan interactuar de una manera abierta y espont\u00e1nea de inter\u00e9s social.<\/p>\n<\/div><\/div>\n<\/div><\/div>\n\n\n\n<div class=\"wp-block-group alignfull has-ast-global-color-4-background-color has-background is-layout-flow wp-block-group-is-layout-flow\"><div class=\"wp-block-group__inner-container\">\n<h2 class=\"has-text-color wp-block-heading\" style=\"color:#343434\">Nuestros puntos de acceso<\/h2>\n\n\n\n<div class=\"wp-block-columns alignwide is-layout-flex wp-container-core-columns-is-layout-28f84493 wp-block-columns-is-layout-flex\">\n<div class=\"wp-block-column is-layout-flow wp-block-column-is-layout-flow\">\n<p>Actualmente, contamos con diez puntos de acceso libre a la red en la ciudad de Quibd\u00f3, Repartidos en diferentes puntos, como lo son: <\/p>\n<\/div>\n<\/div>\n<\/div><\/div>\n\n\n\n<div class=\"wp-block-columns is-layout-flex wp-container-core-columns-is-layout-28f84493 wp-block-columns-is-layout-flex\">\n<div class=\"wp-block-column is-layout-flow wp-block-column-is-layout-flow\">\n<div class=\"wp-block-group has-ast-global-color-5-background-color has-background is-layout-flow wp-block-group-is-layout-flow\"><div class=\"wp-block-group__inner-container\">\n<figure class=\"wp-block-image size-full\"><img loading=\"lazy\" decoding=\"async\" width=\"539\" height=\"304\" src=\"https:\/\/ralnq.itr.edu.co\/wp-content\/uploads\/2022\/08\/WhatsApp-Image-2022-08-19-at-10.38.33-AM-edited.jpeg\" alt=\"malecon\" class=\"wp-image-430\" srcset=\"https:\/\/ralnq.itr.edu.co\/wp-content\/uploads\/2022\/08\/WhatsApp-Image-2022-08-19-at-10.38.33-AM-edited.jpeg 539w, https:\/\/ralnq.itr.edu.co\/wp-content\/uploads\/2022\/08\/WhatsApp-Image-2022-08-19-at-10.38.33-AM-edited-300x169.jpeg 300w\" sizes=\"auto, (max-width: 539px) 100vw, 539px\" \/><\/figure>\n\n\n\n<h3 class=\"has-text-align-center has-text-color wp-block-heading\" style=\"color:#343434\"><strong><strong>Malec\u00f3n <\/strong>de Quibd\u00f3<\/strong><\/h3>\n<\/div><\/div>\n<\/div>\n\n\n\n<div class=\"wp-block-column is-layout-flow wp-block-column-is-layout-flow\">\n<div class=\"wp-block-group has-ast-global-color-5-background-color has-background is-layout-flow wp-block-group-is-layout-flow\"><div class=\"wp-block-group__inner-container\">\n<figure class=\"wp-block-image size-large\"><img loading=\"lazy\" decoding=\"async\" width=\"1109\" height=\"622\" src=\"https:\/\/ralnq.itr.edu.co\/wp-content\/uploads\/2022\/06\/utch-edited.jpg\" alt=\"UTCH\" class=\"wp-image-327\" srcset=\"https:\/\/ralnq.itr.edu.co\/wp-content\/uploads\/2022\/06\/utch-edited.jpg 1109w, https:\/\/ralnq.itr.edu.co\/wp-content\/uploads\/2022\/06\/utch-edited-300x168.jpg 300w, https:\/\/ralnq.itr.edu.co\/wp-content\/uploads\/2022\/06\/utch-edited-1024x574.jpg 1024w, https:\/\/ralnq.itr.edu.co\/wp-content\/uploads\/2022\/06\/utch-edited-768x431.jpg 768w\" sizes=\"auto, (max-width: 1109px) 100vw, 1109px\" \/><\/figure>\n\n\n\n<h3 class=\"has-text-align-center has-text-color wp-block-heading\" style=\"color:#343434\"><strong><strong><strong>Universidad Tecnol\u00f3gica<\/strong> del Choc\u00f3<\/strong><\/strong><\/h3>\n<\/div><\/div>\n<\/div>\n\n\n\n<div class=\"wp-block-column is-layout-flow wp-block-column-is-layout-flow\">\n<div class=\"wp-block-group has-ast-global-color-5-background-color has-background is-layout-flow wp-block-group-is-layout-flow\"><div class=\"wp-block-group__inner-container\">\n<figure class=\"wp-block-image size-full\"><img loading=\"lazy\" decoding=\"async\" width=\"960\" height=\"540\" src=\"https:\/\/ralnq.itr.edu.co\/wp-content\/uploads\/2022\/08\/WhatsApp-Image-2022-08-19-at-9.08.37-AM-1.jpeg\" alt=\"ca\u00f1izales\" class=\"wp-image-424\" srcset=\"https:\/\/ralnq.itr.edu.co\/wp-content\/uploads\/2022\/08\/WhatsApp-Image-2022-08-19-at-9.08.37-AM-1.jpeg 960w, https:\/\/ralnq.itr.edu.co\/wp-content\/uploads\/2022\/08\/WhatsApp-Image-2022-08-19-at-9.08.37-AM-1-300x169.jpeg 300w, https:\/\/ralnq.itr.edu.co\/wp-content\/uploads\/2022\/08\/WhatsApp-Image-2022-08-19-at-9.08.37-AM-1-768x432.jpeg 768w\" sizes=\"auto, (max-width: 960px) 100vw, 960px\" \/><\/figure>\n\n\n\n<h3 class=\"has-text-align-center has-text-color wp-block-heading\" style=\"color:#343434\"><strong>Manuel Ca\u00f1izales<\/strong><\/h3>\n<\/div><\/div>\n<\/div>\n<\/div>\n\n\n\n<div class=\"wp-block-columns is-layout-flex wp-container-core-columns-is-layout-28f84493 wp-block-columns-is-layout-flex\">\n<div class=\"wp-block-column is-layout-flow wp-block-column-is-layout-flow\">\n<div class=\"wp-block-group has-ast-global-color-5-background-color has-background is-layout-flow wp-block-group-is-layout-flow\"><div class=\"wp-block-group__inner-container\">\n<figure class=\"wp-block-image size-full\"><img loading=\"lazy\" decoding=\"async\" width=\"960\" height=\"540\" src=\"https:\/\/ralnq.itr.edu.co\/wp-content\/uploads\/2022\/08\/WhatsApp-Image-2022-08-19-at-9.08.37-AM-3.jpeg\" alt=\"claret\" class=\"wp-image-426\" srcset=\"https:\/\/ralnq.itr.edu.co\/wp-content\/uploads\/2022\/08\/WhatsApp-Image-2022-08-19-at-9.08.37-AM-3.jpeg 960w, https:\/\/ralnq.itr.edu.co\/wp-content\/uploads\/2022\/08\/WhatsApp-Image-2022-08-19-at-9.08.37-AM-3-300x169.jpeg 300w, https:\/\/ralnq.itr.edu.co\/wp-content\/uploads\/2022\/08\/WhatsApp-Image-2022-08-19-at-9.08.37-AM-3-768x432.jpeg 768w\" sizes=\"auto, (max-width: 960px) 100vw, 960px\" \/><\/figure>\n\n\n\n<h3 class=\"has-text-align-center has-text-color wp-block-heading\" style=\"color:#343434\"><strong><strong><strong>Antonio Mar\u00eda Claret<\/strong><\/strong><\/strong><\/h3>\n<\/div><\/div>\n<\/div>\n\n\n\n<div class=\"wp-block-column is-layout-flow wp-block-column-is-layout-flow\">\n<div class=\"wp-block-group has-ast-global-color-5-background-color has-background is-layout-flow wp-block-group-is-layout-flow\"><div class=\"wp-block-group__inner-container\">\n<figure class=\"wp-block-image size-full\"><img loading=\"lazy\" decoding=\"async\" width=\"960\" height=\"540\" src=\"https:\/\/ralnq.itr.edu.co\/wp-content\/uploads\/2022\/08\/WhatsApp-Image-2022-08-19-at-9.08.37-AM.jpeg\" alt=\"\" class=\"wp-image-428\" srcset=\"https:\/\/ralnq.itr.edu.co\/wp-content\/uploads\/2022\/08\/WhatsApp-Image-2022-08-19-at-9.08.37-AM.jpeg 960w, https:\/\/ralnq.itr.edu.co\/wp-content\/uploads\/2022\/08\/WhatsApp-Image-2022-08-19-at-9.08.37-AM-300x169.jpeg 300w, https:\/\/ralnq.itr.edu.co\/wp-content\/uploads\/2022\/08\/WhatsApp-Image-2022-08-19-at-9.08.37-AM-768x432.jpeg 768w\" sizes=\"auto, (max-width: 960px) 100vw, 960px\" \/><\/figure>\n\n\n\n<h3 class=\"has-text-align-center has-text-color wp-block-heading\" style=\"color:#343434\"><strong><strong><strong>Armando Luna Roa<\/strong><\/strong><\/strong><\/h3>\n<\/div><\/div>\n<\/div>\n\n\n\n<div class=\"wp-block-column is-layout-flow wp-block-column-is-layout-flow\">\n<div class=\"wp-block-group has-ast-global-color-5-background-color has-background is-layout-flow wp-block-group-is-layout-flow\"><div class=\"wp-block-group__inner-container\">\n<figure class=\"wp-block-image size-large\"><img loading=\"lazy\" decoding=\"async\" width=\"1024\" height=\"576\" src=\"https:\/\/ralnq.itr.edu.co\/wp-content\/uploads\/2022\/08\/WhatsApp-Image-2022-08-19-at-9.06.34-AM-1024x576.jpeg\" alt=\"normal\" class=\"wp-image-423\" srcset=\"https:\/\/ralnq.itr.edu.co\/wp-content\/uploads\/2022\/08\/WhatsApp-Image-2022-08-19-at-9.06.34-AM-1024x576.jpeg 1024w, https:\/\/ralnq.itr.edu.co\/wp-content\/uploads\/2022\/08\/WhatsApp-Image-2022-08-19-at-9.06.34-AM-300x169.jpeg 300w, https:\/\/ralnq.itr.edu.co\/wp-content\/uploads\/2022\/08\/WhatsApp-Image-2022-08-19-at-9.06.34-AM-768x432.jpeg 768w, https:\/\/ralnq.itr.edu.co\/wp-content\/uploads\/2022\/08\/WhatsApp-Image-2022-08-19-at-9.06.34-AM.jpeg 1280w\" sizes=\"auto, (max-width: 1024px) 100vw, 1024px\" \/><\/figure>\n\n\n\n<h3 class=\"has-text-align-center has-text-color wp-block-heading\" style=\"color:#343434\"><strong>Normal Superior<\/strong><\/h3>\n<\/div><\/div>\n<\/div>\n<\/div>\n\n\n\n<div class=\"wp-block-columns is-layout-flex wp-container-core-columns-is-layout-28f84493 wp-block-columns-is-layout-flex\">\n<div class=\"wp-block-column is-layout-flow wp-block-column-is-layout-flow\">\n<div class=\"wp-block-group has-ast-global-color-5-background-color has-background is-layout-flow wp-block-group-is-layout-flow\"><div class=\"wp-block-group__inner-container\">\n<figure class=\"wp-block-image size-full\"><img loading=\"lazy\" decoding=\"async\" width=\"960\" height=\"540\" src=\"https:\/\/ralnq.itr.edu.co\/wp-content\/uploads\/2022\/08\/WhatsApp-Image-2022-08-19-at-9.08.37-AM-2.jpeg\" alt=\"carrasquilla\" class=\"wp-image-425\" srcset=\"https:\/\/ralnq.itr.edu.co\/wp-content\/uploads\/2022\/08\/WhatsApp-Image-2022-08-19-at-9.08.37-AM-2.jpeg 960w, https:\/\/ralnq.itr.edu.co\/wp-content\/uploads\/2022\/08\/WhatsApp-Image-2022-08-19-at-9.08.37-AM-2-300x169.jpeg 300w, https:\/\/ralnq.itr.edu.co\/wp-content\/uploads\/2022\/08\/WhatsApp-Image-2022-08-19-at-9.08.37-AM-2-768x432.jpeg 768w\" sizes=\"auto, (max-width: 960px) 100vw, 960px\" \/><\/figure>\n\n\n\n<h3 class=\"has-text-align-center has-text-color wp-block-heading\" style=\"color:#343434\"><strong><strong><strong>Carrasquilla Industrial<\/strong><\/strong><\/strong><\/h3>\n<\/div><\/div>\n<\/div>\n\n\n\n<div class=\"wp-block-column is-layout-flow wp-block-column-is-layout-flow\">\n<div class=\"wp-block-group has-ast-global-color-5-background-color has-background is-layout-flow wp-block-group-is-layout-flow\"><div class=\"wp-block-group__inner-container\">\n<figure class=\"wp-block-image size-full\"><img loading=\"lazy\" decoding=\"async\" width=\"960\" height=\"540\" src=\"https:\/\/ralnq.itr.edu.co\/wp-content\/uploads\/2022\/08\/WhatsApp-Image-2022-08-19-at-9.08.37-AM-4.jpeg\" alt=\"IEFEMP\" class=\"wp-image-427\" srcset=\"https:\/\/ralnq.itr.edu.co\/wp-content\/uploads\/2022\/08\/WhatsApp-Image-2022-08-19-at-9.08.37-AM-4.jpeg 960w, https:\/\/ralnq.itr.edu.co\/wp-content\/uploads\/2022\/08\/WhatsApp-Image-2022-08-19-at-9.08.37-AM-4-300x169.jpeg 300w, https:\/\/ralnq.itr.edu.co\/wp-content\/uploads\/2022\/08\/WhatsApp-Image-2022-08-19-at-9.08.37-AM-4-768x432.jpeg 768w\" sizes=\"auto, (max-width: 960px) 100vw, 960px\" \/><\/figure>\n\n\n\n<h3 class=\"has-text-align-center has-text-color wp-block-heading\" style=\"color:#343434\"><strong>IEFEMP<\/strong><\/h3>\n<\/div><\/div>\n<\/div>\n\n\n\n<div class=\"wp-block-column is-layout-flow wp-block-column-is-layout-flow\">\n<div class=\"wp-block-group has-ast-global-color-5-background-color has-background is-layout-flow wp-block-group-is-layout-flow\"><div class=\"wp-block-group__inner-container\">\n<figure class=\"wp-block-image size-full\"><img loading=\"lazy\" decoding=\"async\" width=\"960\" height=\"539\" src=\"https:\/\/ralnq.itr.edu.co\/wp-content\/uploads\/2022\/06\/gimnacio-edited.jpg\" alt=\"Gimnacio\" class=\"wp-image-338\" srcset=\"https:\/\/ralnq.itr.edu.co\/wp-content\/uploads\/2022\/06\/gimnacio-edited.jpg 960w, https:\/\/ralnq.itr.edu.co\/wp-content\/uploads\/2022\/06\/gimnacio-edited-300x168.jpg 300w, https:\/\/ralnq.itr.edu.co\/wp-content\/uploads\/2022\/06\/gimnacio-edited-768x431.jpg 768w\" sizes=\"auto, (max-width: 960px) 100vw, 960px\" \/><\/figure>\n\n\n\n<h3 class=\"has-text-align-center has-text-color wp-block-heading\" style=\"color:#343434\"><strong>Gimnasio<\/strong><\/h3>\n<\/div><\/div>\n<\/div>\n<\/div>\n\n\n\n<div class=\"wp-block-columns is-layout-flex wp-container-core-columns-is-layout-28f84493 wp-block-columns-is-layout-flex\">\n<div class=\"wp-block-column is-layout-flow wp-block-column-is-layout-flow\">\n<div class=\"wp-block-group has-ast-global-color-5-background-color has-background is-layout-flow wp-block-group-is-layout-flow\"><div class=\"wp-block-group__inner-container\">\n<figure class=\"wp-block-image size-full\"><img loading=\"lazy\" decoding=\"async\" width=\"1020\" height=\"576\" src=\"https:\/\/ralnq.itr.edu.co\/wp-content\/uploads\/2022\/08\/WhatsApp-Image-2022-08-19-at-8.53.08-AM-edited.jpeg\" alt=\"isacc\" class=\"wp-image-432\" srcset=\"https:\/\/ralnq.itr.edu.co\/wp-content\/uploads\/2022\/08\/WhatsApp-Image-2022-08-19-at-8.53.08-AM-edited.jpeg 1020w, https:\/\/ralnq.itr.edu.co\/wp-content\/uploads\/2022\/08\/WhatsApp-Image-2022-08-19-at-8.53.08-AM-edited-300x169.jpeg 300w, https:\/\/ralnq.itr.edu.co\/wp-content\/uploads\/2022\/08\/WhatsApp-Image-2022-08-19-at-8.53.08-AM-edited-768x434.jpeg 768w\" sizes=\"auto, (max-width: 1020px) 100vw, 1020px\" \/><\/figure>\n\n\n\n<h3 class=\"has-text-align-center has-text-color wp-block-heading\" style=\"color:#343434\"><strong><strong><strong><strong>Isaac Rodr\u00edguez<\/strong><\/strong><\/strong><\/strong><\/h3>\n<\/div><\/div>\n<\/div>\n\n\n\n<div class=\"wp-block-column is-layout-flow wp-block-column-is-layout-flow\"><\/div>\n\n\n\n<div class=\"wp-block-column is-layout-flow wp-block-column-is-layout-flow\"><\/div>\n<\/div>\n\n\n\n<p><\/p>\n","protected":false},"excerpt":{"rendered":"<p>Acerca de nosotros. RALNQ. Es un proyecto tecnol\u00f3gico, social, abierto e inclusivo impulsado desde el Instituto T\u00e9cnico Rentic. Que tiene por objetivo la creaci\u00f3n de una red de telecomunicaciones abierta, libre y neutral, que integre a toda la comunidad educativa de la ciudad de Quibd\u00f3 en una gran red en el que todo el mundo &hellip;<\/p>\n<p class=\"read-more\"> <a class=\"\" href=\"https:\/\/ralnq.itr.edu.co\/index.php\/about\/\"> <span class=\"screen-reader-text\">Acerca de<\/span> Leer m\u00e1s &raquo;<\/a><\/p>\n","protected":false},"author":2,"featured_media":0,"parent":0,"menu_order":0,"comment_status":"closed","ping_status":"closed","template":"","meta":{"site-sidebar-layout":"no-sidebar","site-content-layout":"plain-container","ast-global-header-display":"","ast-main-header-display":"","ast-hfb-above-header-display":"","ast-hfb-below-header-display":"","ast-hfb-mobile-header-display":"","site-post-title":"disabled","ast-breadcrumbs-content":"","ast-featured-img":"disabled","footer-sml-layout":"","theme-transparent-header-meta":"enabled","adv-header-id-meta":"","stick-header-meta":"","header-above-stick-meta":"","header-main-stick-meta":"","header-below-stick-meta":"","footnotes":""},"class_list":["post-129","page","type-page","status-publish","hentry"],"_links":{"self":[{"href":"https:\/\/ralnq.itr.edu.co\/index.php\/wp-json\/wp\/v2\/pages\/129","targetHints":{"allow":["GET"]}}],"collection":[{"href":"https:\/\/ralnq.itr.edu.co\/index.php\/wp-json\/wp\/v2\/pages"}],"about":[{"href":"https:\/\/ralnq.itr.edu.co\/index.php\/wp-json\/wp\/v2\/types\/page"}],"author":[{"embeddable":true,"href":"https:\/\/ralnq.itr.edu.co\/index.php\/wp-json\/wp\/v2\/users\/2"}],"replies":[{"embeddable":true,"href":"https:\/\/ralnq.itr.edu.co\/index.php\/wp-json\/wp\/v2\/comments?post=129"}],"version-history":[{"count":29,"href":"https:\/\/ralnq.itr.edu.co\/index.php\/wp-json\/wp\/v2\/pages\/129\/revisions"}],"predecessor-version":[{"id":433,"href":"https:\/\/ralnq.itr.edu.co\/index.php\/wp-json\/wp\/v2\/pages\/129\/revisions\/433"}],"wp:attachment":[{"href":"https:\/\/ralnq.itr.edu.co\/index.php\/wp-json\/wp\/v2\/media?parent=129"}],"curies":[{"name":"wp","href":"https:\/\/api.w.org\/{rel}","templated":true}]}}